{"id":11,"date":"2022-07-04T22:48:34","date_gmt":"2022-07-04T20:48:34","guid":{"rendered":"http:\/\/experwx.cluster030.hosting.ovh.net\/?page_id=11"},"modified":"2022-09-21T13:24:57","modified_gmt":"2022-09-21T11:24:57","slug":"methodologie","status":"publish","type":"page","link":"https:\/\/expertsentransition.fr\/index.php\/methodologie\/","title":{"rendered":"M\u00e9thodologie"},"content":{"rendered":"\n<figure class=\"wp-block-image alignfull size-large\"><img loading=\"lazy\" decoding=\"async\" width=\"1024\" height=\"457\" src=\"http:\/\/experwx.cluster030.hosting.ovh.net\/wp-content\/uploads\/2022\/09\/methodologie-1024x457.png\" alt=\"\" class=\"wp-image-225\" srcset=\"https:\/\/expertsentransition.fr\/wp-content\/uploads\/2022\/09\/methodologie-1024x457.png 1024w, https:\/\/expertsentransition.fr\/wp-content\/uploads\/2022\/09\/methodologie-300x134.png 300w, https:\/\/expertsentransition.fr\/wp-content\/uploads\/2022\/09\/methodologie-768x343.png 768w, https:\/\/expertsentransition.fr\/wp-content\/uploads\/2022\/09\/methodologie-1536x685.png 1536w, https:\/\/expertsentransition.fr\/wp-content\/uploads\/2022\/09\/methodologie-2048x914.png 2048w, https:\/\/expertsentransition.fr\/wp-content\/uploads\/2022\/09\/methodologie-1568x700.png 1568w\" sizes=\"auto, (max-width: 1024px) 100vw, 1024px\" \/><\/figure>\n\n\n\n<div style=\"height:45px\" aria-hidden=\"true\" class=\"wp-block-spacer\"><\/div>\n\n\n\n<div style=\"height:15px\" aria-hidden=\"true\" class=\"wp-block-spacer\"><\/div>\n\n\n\n<div class=\"wp-block-columns alignwide is-layout-flex wp-container-core-columns-is-layout-9d6595d7 wp-block-columns-is-layout-flex\">\n<div class=\"wp-block-column is-layout-flow wp-block-column-is-layout-flow\">\n<p class=\"has-small-font-size\"><a href=\"https:\/\/expertsentransition.fr\/wp-content\/uploads\/2022\/09\/Fiche-dhypothe\u0300se-de-groupe.pdf\" data-type=\"URL\">(1) Acc\u00e9der au template des hypoth\u00e8ses.<\/a><\/p>\n\n\n\n<p class=\"has-small-font-size\"><a href=\"https:\/\/expertsentransition.fr\/wp-content\/uploads\/2022\/09\/Rendu-dexploration-territoire.pdf\" data-type=\"URL\" data-id=\"https:\/\/expertsentransition.fr\/wp-content\/uploads\/2022\/09\/Rendu-dexploration-territoire.pdf\">(2) Acc\u00e9der au template des analyses territoire.<\/a><\/p>\n\n\n\n<p class=\"has-small-font-size\"><a href=\"https:\/\/expertsentransition.fr\/wp-content\/uploads\/2022\/09\/Template.scenario.pdf\" data-type=\"URL\" data-id=\"https:\/\/expertsentransition.fr\/wp-content\/uploads\/2022\/09\/Template.scenario.pdf\">(3) Acc\u00e9der au template du sc\u00e9nario.<\/a><\/p>\n<\/div>\n\n\n\n<div class=\"wp-block-column is-layout-flow wp-block-column-is-layout-flow\">\n<div class=\"wp-block-buttons is-content-justification-left is-layout-flex wp-container-core-buttons-is-layout-fdcfc74e wp-block-buttons-is-layout-flex\">\n<div class=\"wp-block-button has-custom-font-size has-small-font-size\"><a class=\"wp-block-button__link has-background\" href=\"https:\/\/expertsentransition.fr\/index.php\/sessions-inspirantes\/\" style=\"background-color:#5a71b4\">D\u00e9couvrez les sessions inspirantes<\/a><\/div>\n\n\n\n<div class=\"wp-block-button has-custom-font-size has-small-font-size\"><a class=\"wp-block-button__link has-background\" href=\"https:\/\/expertsentransition.fr\/index.php\/explorations\/\" style=\"background-color:#5a71b4\">D\u00e9couvrez le travail des groupes<\/a><\/div>\n\n\n\n<div class=\"wp-block-button has-custom-font-size has-small-font-size\"><a class=\"wp-block-button__link has-background\" href=\"https:\/\/expertsentransition.fr\/index.php\/les-territoires\/\" style=\"background-color:#5a71b4\">D\u00e9couvrez les territoires explor\u00e9s<\/a><\/div>\n<\/div>\n<\/div>\n<\/div>\n","protected":false},"excerpt":{"rendered":"<p>(1) Acc\u00e9der au template des hypoth\u00e8ses. (2) Acc\u00e9der au template des analyses territoire. (3) Acc\u00e9der au template du sc\u00e9nario.<\/p>\n","protected":false},"author":1,"featured_media":0,"parent":0,"menu_order":0,"comment_status":"closed","ping_status":"closed","template":"","meta":{"footnotes":""},"class_list":["post-11","page","type-page","status-publish","hentry","entry"],"_links":{"self":[{"href":"https:\/\/expertsentransition.fr\/index.php\/wp-json\/wp\/v2\/pages\/11","targetHints":{"allow":["GET"]}}],"collection":[{"href":"https:\/\/expertsentransition.fr\/index.php\/wp-json\/wp\/v2\/pages"}],"about":[{"href":"https:\/\/expertsentransition.fr\/index.php\/wp-json\/wp\/v2\/types\/page"}],"author":[{"embeddable":true,"href":"https:\/\/expertsentransition.fr\/index.php\/wp-json\/wp\/v2\/users\/1"}],"replies":[{"embeddable":true,"href":"https:\/\/expertsentransition.fr\/index.php\/wp-json\/wp\/v2\/comments?post=11"}],"version-history":[{"count":13,"href":"https:\/\/expertsentransition.fr\/index.php\/wp-json\/wp\/v2\/pages\/11\/revisions"}],"predecessor-version":[{"id":393,"href":"https:\/\/expertsentransition.fr\/index.php\/wp-json\/wp\/v2\/pages\/11\/revisions\/393"}],"wp:attachment":[{"href":"https:\/\/expertsentransition.fr\/index.php\/wp-json\/wp\/v2\/media?parent=11"}],"curies":[{"name":"wp","href":"https:\/\/api.w.org\/{rel}","templated":true}]}}