{"id":71,"date":"2022-07-16T16:13:42","date_gmt":"2022-07-16T14:13:42","guid":{"rendered":"http:\/\/experwx.cluster030.hosting.ovh.net\/?page_id=71"},"modified":"2022-10-03T17:49:11","modified_gmt":"2022-10-03T15:49:11","slug":"groupe-3","status":"publish","type":"page","link":"https:\/\/expertsentransition.fr\/index.php\/explorations\/groupe-3\/","title":{"rendered":"Groupe 3"},"content":{"rendered":"\n<h2 class=\"has-text-align-center has-text-color wp-block-heading\" style=\"color:#f17559\">Hypoth\u00e8se<\/h2>\n\n\n\n<h4 class=\"has-text-align-center has-text-color wp-block-heading\" style=\"color:#5a71b4\">1.<\/h4>\n\n\n\n<p class=\"has-text-align-center has-text-color has-small-font-size\" style=\"color:#5a71b4\"><strong>Le Cerema est reconnu comme un acteur de l\u2019ing\u00e9nierie technique\u2026 mais l&rsquo;est-il en tant qu\u2019acteur local ?<br><\/strong>+ Notori\u00e9t\u00e9 aupr\u00e8s de l\u2019Etat mais d\u00e9ficit aupr\u00e8s de certaines collectivit\u00e9s, du grand public et de la soci\u00e9t\u00e9 civile<br>+ pluralit\u00e9 des domaines et modes d\u2019intervention du Cerema = richesse mais complexit\u00e9 de la lisibilit\u00e9 de notre action<br>+ traditionnellement r\u00f4le d\u2019accompagnant technique au b\u00e9n\u00e9fice de \u201ctiers\u201d, mais rarement pour des actions pour son propre compte<br>+ certaines innovations territoriales embl\u00e9matiques se sont faites sans le Cerema (ex : Loos-en-Gohelle, Mouans-Sartoux, Ungersheim\u2026).<\/p>\n\n\n\n<div class=\"wp-block-columns is-layout-flex wp-container-core-columns-is-layout-9d6595d7 wp-block-columns-is-layout-flex\">\n<div class=\"wp-block-column is-layout-flow wp-block-column-is-layout-flow\">\n<h4 class=\"has-text-align-center has-text-color wp-block-heading\" style=\"color:#5a71b4\">2.<\/h4>\n\n\n\n<p class=\"has-text-align-center has-text-color has-small-font-size\" style=\"color:#5a71b4\">Des <strong>pr\u00e9conisations<\/strong> et recommandations qui <strong>gagneraient \u00e0 \u00eatre davantage test\u00e9es en interne.<\/strong><\/p>\n<\/div>\n\n\n\n<div class=\"wp-block-column is-layout-flow wp-block-column-is-layout-flow\">\n<h4 class=\"has-text-align-center has-text-color wp-block-heading\" style=\"color:#5a71b4\">3.<\/h4>\n\n\n\n<p class=\"has-text-align-center has-text-color has-small-font-size\" style=\"color:#5a71b4\">Des <strong>agents largement impr\u00e9gn\u00e9s <\/strong>(personnellement et professionnellement) par <strong>les enjeux de transition<\/strong> sur lesquels s\u2019appuyer pour un Cerema exemplaire (des initiatives d\u00e9j\u00e0 existantes).<\/p>\n<\/div>\n\n\n\n<div class=\"wp-block-column is-layout-flow wp-block-column-is-layout-flow\">\n<h4 class=\"has-text-align-center has-text-color wp-block-heading\" style=\"color:#5a71b4\">4.<\/h4>\n\n\n\n<p class=\"has-text-align-center has-text-color has-small-font-size\" style=\"color:#5a71b4\">Le Cerema dispose d\u00e9j\u00e0 de <strong>nombreux sites<\/strong> r\u00e9partis dans toute la France au plus <strong>pr\u00e8s des territoires.<\/strong><\/p>\n<\/div>\n<\/div>\n\n\n\n<p class=\"has-text-color has-small-font-size\" style=\"color:#5a71b4\">Afin de soutenir les transitions dans les territoires, le Cerema gagnerait \u00e0 jouer le <strong>r\u00f4le d\u2019exemple en mobilisant son patrimoine comme sites d\u2019exp\u00e9rimentations collaboratifs, et son organisation comme laboratoire au service des autres acteurs du territoire<\/strong> afin de faciliter et d\u2019acc\u00e9l\u00e9rer la mise en \u0153uvre de projets innovants.<\/p>\n\n\n\n<div class=\"wp-block-columns is-layout-flex wp-container-core-columns-is-layout-9d6595d7 wp-block-columns-is-layout-flex\">\n<div class=\"wp-block-column is-layout-flow wp-block-column-is-layout-flow\">\n<h4 class=\"has-text-align-center has-text-color wp-block-heading\" style=\"color:#5a71b4\">1.<\/h4>\n\n\n\n<p class=\"has-text-align-center has-text-color has-small-font-size\" style=\"color:#5a71b4\">Renforcer notre <strong>volont\u00e9 d\u2019agir en tant qu\u2019acteur du territoire<\/strong> en insufflant une dynamique d\u2019adaptation au changement climatique tel notre slogan <a href=\"https:\/\/www.cerema.fr\/fr\/presse\/dossier\/tant-que-climat-changera-cerema-agira-cerema-adopte-sa\" data-type=\"URL\" data-id=\"https:\/\/www.cerema.fr\/fr\/presse\/dossier\/tant-que-climat-changera-cerema-agira-cerema-adopte-sa\" target=\"_blank\" rel=\"noreferrer noopener\">\u00abTant que le climat changera, le Cerema agira\u00bb<\/a>.<\/p>\n<\/div>\n\n\n\n<div class=\"wp-block-column is-layout-flow wp-block-column-is-layout-flow\">\n<h4 class=\"has-text-align-center has-text-color wp-block-heading\" style=\"color:#5a71b4\">2.<\/h4>\n\n\n\n<p class=\"has-text-align-center has-text-color has-small-font-size\" style=\"color:#5a71b4\">Coop\u00e9rer <strong>avec les acteurs locaux<\/strong> (entreprises, \u00e9lus, associations..) et <strong>contribuer au \u201cd\u00e9risquage\u201d<\/strong> (\u00e9conomique, social, environnemental\u2026) de projets concrets, pour <strong>faciliter leurs choix<\/strong> et strat\u00e9gies d\u2019adaptation (y compris sur l\u2019acceptabilit\u00e9), soutenir les innovations et renforcer notre ancrage local.<\/p>\n<\/div>\n<\/div>\n\n\n\n<div class=\"wp-block-columns is-layout-flex wp-container-core-columns-is-layout-9d6595d7 wp-block-columns-is-layout-flex\">\n<div class=\"wp-block-column is-layout-flow wp-block-column-is-layout-flow\">\n<h4 class=\"has-text-align-center has-text-color wp-block-heading\" style=\"color:#5a71b4\">3.<\/h4>\n\n\n\n<p class=\"has-text-align-center has-text-color has-small-font-size\" style=\"color:#5a71b4\"><strong>Alimenter notre plan interne de transition<\/strong>, am\u00e9liorer notre \u201cexemplarit\u00e9\u201d et afficher l\u2019engagement du Cerema et de ses agents en faveur de la transition <strong>(vitrine de l\u2019ing\u00e9nierie du Cerema)<\/strong>.<\/p>\n<\/div>\n\n\n\n<div class=\"wp-block-column is-layout-flow wp-block-column-is-layout-flow\">\n<h4 class=\"has-text-align-center has-text-color wp-block-heading\" style=\"color:#5a71b4\">4.<\/h4>\n\n\n\n<p class=\"has-text-align-center has-text-color has-small-font-size\" style=\"color:#5a71b4\">Monter <strong>en comp\u00e9tences<\/strong> et <strong>en cr\u00e9dibilit\u00e9<\/strong> en ayant exp\u00e9riment\u00e9 au pr\u00e9alable des solutions qui, \u00e9prouv\u00e9es, pourront \u00eatre d\u00e9ploy\u00e9es plus largement.<br><strong>Les services supports seraient pleinement impliqu\u00e9s et valoris\u00e9s<\/strong> dans cette d\u00e9marche d\u2019innovation en s\u2019associant aux agents sp\u00e9cialistes des domaines d\u2019actions.<\/p>\n<\/div>\n<\/div>\n\n\n\n<div class=\"wp-block-columns is-layout-flex wp-container-core-columns-is-layout-9d6595d7 wp-block-columns-is-layout-flex\">\n<div class=\"wp-block-column is-layout-flow wp-block-column-is-layout-flow\">\n<figure class=\"wp-block-image size-full\"><img loading=\"lazy\" decoding=\"async\" width=\"474\" height=\"203\" src=\"http:\/\/experwx.cluster030.hosting.ovh.net\/wp-content\/uploads\/2022\/09\/gp3-1.png\" alt=\"\" class=\"wp-image-302\" srcset=\"https:\/\/expertsentransition.fr\/wp-content\/uploads\/2022\/09\/gp3-1.png 474w, https:\/\/expertsentransition.fr\/wp-content\/uploads\/2022\/09\/gp3-1-300x128.png 300w\" sizes=\"auto, (max-width: 474px) 100vw, 474px\" \/><\/figure>\n\n\n\n<p class=\"has-text-align-center has-text-color has-small-font-size\" style=\"color:#5a71b4\">Le Cerema <strong>sert de lieu d\u2019exp\u00e9rimentations autour de r\u00e9alisations concr\u00e8tes<\/strong> o\u00f9 le droit \u00e0 l\u2019erreur est acceptable et analys\u00e9.<\/p>\n\n\n\n<figure class=\"wp-block-image size-full\"><img loading=\"lazy\" decoding=\"async\" width=\"474\" height=\"198\" src=\"http:\/\/experwx.cluster030.hosting.ovh.net\/wp-content\/uploads\/2022\/09\/gp3-2.png\" alt=\"\" class=\"wp-image-303\" srcset=\"https:\/\/expertsentransition.fr\/wp-content\/uploads\/2022\/09\/gp3-2.png 474w, https:\/\/expertsentransition.fr\/wp-content\/uploads\/2022\/09\/gp3-2-300x125.png 300w\" sizes=\"auto, (max-width: 474px) 100vw, 474px\" \/><\/figure>\n\n\n\n<p class=\"has-text-align-center has-text-color has-small-font-size\" style=\"color:#5a71b4\">Le Cerema <strong>consacre une partie de son budget pour travailler sur ces projets<\/strong>, ce qui permet aux services supports d\u2019\u00eatre acteurs de la production et de la reconnaissance du Cerema.<\/p>\n<\/div>\n\n\n\n<div class=\"wp-block-column is-layout-flow wp-block-column-is-layout-flow\">\n<p class=\"has-text-color has-small-font-size\" style=\"color:#5a71b4\">Quelques exemples :<br><br>+ Rendre un b\u00e2timent autonome en testant des nouveaux \u00e9quipements et dispositifs de production et autoconsommation d\u2019\u00e9nergie, d\u2019eau, efficacit\u00e9 \u00e9nerg\u00e9tique, confort thermique,<br>+ Tester des innovations en faveur de la sobri\u00e9t\u00e9 num\u00e9rique<br>+ Tester de nouvelles pratiques de gestion des espaces verts<br>+ Tester de nouvelles motorisations pour les engins du Cerema (carburants alternatifs)<br>+ D\u00e9velopper des solutions bas\u00e9es sur la nature sur les sites du Cerema<br>+ Participer \u00e0 l\u2019\u00e9conomie circulaire, gestion des d\u00e9chets et valorisation, restauration coll.<\/p>\n<\/div>\n<\/div>\n\n\n\n<div style=\"height:45px\" aria-hidden=\"true\" class=\"wp-block-spacer\"><\/div>\n\n\n\n<h2 class=\"has-text-align-center has-text-color wp-block-heading\" style=\"color:#f17559\">Sc\u00e9nario<\/h2>\n\n\n\n<hr class=\"wp-block-separator has-text-color has-alpha-channel-opacity has-background\" style=\"background-color:#f17559;color:#f17559\"\/>\n\n\n\n<h3 class=\"has-text-align-center has-text-color wp-block-heading\" style=\"color:#f17559\">Le Cerema met \u00e0 profit ses sites et exp\u00e9rimente pour faciliter l\u2019adaptation au changement climatique<\/h3>\n\n\n\n<p class=\"has-text-color has-small-font-size\" style=\"color:#5a71b4\">Aujourd\u2019hui j\u2019accompagne mon enfant \u00e0 l\u2019\u00e9cole puis je me dirige vers l&rsquo;agence d\u2019Autun du Cerema o\u00f9 je travaille, ce pourrait \u00eatre un jour comme un autre, mais il n\u2019en est rien car c\u2019est aujourd\u2019hui la <strong>premi\u00e8re rencontre inter-acteurs de la transition<\/strong> organis\u00e9e par le Cerema.<br>Cette journ\u00e9e promet d\u2019\u00eatre un grand moment de <strong>rencontre, de d\u00e9couverte et de partage des exp\u00e9rimentations<\/strong> qui ont \u00e9t\u00e9 men\u00e9es sur le site d\u2019Autun depuis un an. J\u2019ai h\u00e2te de voir concr\u00e8tement le r\u00e9sultat de ces exp\u00e9rimentations men\u00e9es par des groupements d\u2019acteurs de la transition dont le Cerema.<br><br>Apr\u00e8s avoir salu\u00e9 mes coll\u00e8gues, me voil\u00e0 en compagnie de citoyens, \u00e9lus, entrepreneurs, \u00e9coliers ou repr\u00e9sentants de l\u2019Etat pour leur pr\u00e9senter, avec un autre acteur de la chambre d\u2019agriculture, la pratique d&rsquo;\u00e9co-p\u00e2turage mise en place sur le site avec un agriculteur local. Ce groupement d\u2019acteurs nous permet d\u2019exposer les avantages et inconv\u00e9nients techniques, sociales, environnementales et \u00e9conomiques de la d\u00e9marche vis-\u00e0-vis de la transition et de l\u2019adaptation au changement climatique. Un Maire m\u2019interpelle et me demande comment mettre en place un tel projet sur sa commune, je lui indique que tous les documents li\u00e9s \u00e0 la d\u00e9marche (\u00e9l\u00e9ments techniques, pi\u00e8ces du march\u00e9, documents comptables, demande d\u2019autorisation ou fiches de communication) sont en open-data et donc libres d\u2019acc\u00e8s et que nous restons disponibles pour l&rsquo;accompagner.<br>Apr\u00e8s cette pr\u00e9sentation, je me dirige vers d\u2019autres expos\u00e9s sur la r\u00e9novation thermique en mat\u00e9riaux alternatifs sur ce b\u00e2timent de 1950 ou encore la production sur site de diff\u00e9rentes \u00e9nergies vertes tel que des panneaux solaires, des mini-\u00e9oliennes ou des puits canadiens qui permettent une autonomie \u00e9nerg\u00e9tique du b\u00e2timent et d&rsquo;alimenter les v\u00e9hicules \u00e9lectriques.<br>J\u2019ai vraiment appr\u00e9ci\u00e9 de rencontrer les acteurs locaux pour leur pr\u00e9senter notre d\u00e9marche d\u2019exemplarit\u00e9, recueillir leurs impressions et partager avec eux nos exp\u00e9rimentations. Comme nous avait dit Olivier Chabert, Directeur de l\u2019urbanisme \u00e0 Coutances Mer et Bocage <strong><em>\u201c Il faut rencontrer les territoires en personne, ils ne sont pas num\u00e9riques \u201d.<\/em><\/strong><br>Cette journ\u00e9e se termine par un groupe de travail collectif pour r\u00e9fl\u00e9chir \u00e0 de futurs projets d\u2019exp\u00e9rimentation en faveur de la transition.<br><br>Jouer le r\u00f4le d\u2019exemple en mobilisant son patrimoine comme sites d\u2019exp\u00e9rimentations collaboratifs, et son organisation comme laboratoire au service des autres acteurs du territoire afin de faciliter et d\u2019acc\u00e9l\u00e9rer la mise en \u0153uvre de projets innovants. Trois niveaux d\u2019actions sont possibles.<br><\/p>\n\n\n\n<div class=\"wp-block-columns alignwide is-layout-flex wp-container-core-columns-is-layout-9d6595d7 wp-block-columns-is-layout-flex\">\n<div class=\"wp-block-column is-layout-flow wp-block-column-is-layout-flow\">\n<figure class=\"wp-block-image size-full\"><img loading=\"lazy\" decoding=\"async\" width=\"362\" height=\"244\" src=\"http:\/\/experwx.cluster030.hosting.ovh.net\/wp-content\/uploads\/2022\/09\/gp3-3.png\" alt=\"\" class=\"wp-image-306\" srcset=\"https:\/\/expertsentransition.fr\/wp-content\/uploads\/2022\/09\/gp3-3.png 362w, https:\/\/expertsentransition.fr\/wp-content\/uploads\/2022\/09\/gp3-3-300x202.png 300w\" sizes=\"auto, (max-width: 362px) 100vw, 362px\" \/><\/figure>\n\n\n\n<p class=\"has-text-align-center has-text-color has-small-font-size\" style=\"color:#5a71b4\">Interne au Cerema en modifiant les modes de faire (tri des d\u00e9chets, \u00e9conomie d\u2019eau et d&rsquo;\u00e9nergie, d\u00e9marche z\u00e9ro d\u00e9chet\u2026) ne n\u00e9cessitant pas de frais suppl\u00e9mentaire ou minime et mis en place collaborativement avec les agents et les services supports (exemple : le groupe d\u2019agents sur l\u2019\u00e9co-responsabilit\u00e9 de la DterMed).<\/p>\n<\/div>\n\n\n\n<div class=\"wp-block-column is-layout-flow wp-block-column-is-layout-flow\">\n<figure class=\"wp-block-image size-full\"><img loading=\"lazy\" decoding=\"async\" width=\"362\" height=\"241\" src=\"http:\/\/experwx.cluster030.hosting.ovh.net\/wp-content\/uploads\/2022\/09\/gp3-4.png\" alt=\"\" class=\"wp-image-307\" srcset=\"https:\/\/expertsentransition.fr\/wp-content\/uploads\/2022\/09\/gp3-4.png 362w, https:\/\/expertsentransition.fr\/wp-content\/uploads\/2022\/09\/gp3-4-300x200.png 300w\" sizes=\"auto, (max-width: 362px) 100vw, 362px\" \/><\/figure>\n\n\n\n<p class=\"has-text-align-center has-text-color has-small-font-size\" style=\"color:#5a71b4\">Territoriale dans les march\u00e9s d&rsquo;entretien ou de fonctionnement avec des acteurs \u00e9conomiques ou sociaux locaux (pratiques de l&rsquo;\u00e9co-p\u00e2turage pour la gestion des espaces verts, peinture biosourc\u00e9e, etc) peut \u00eatre plus co\u00fbteux mais b\u00e9n\u00e9fique pour l\u2019environnement ou plus durable et int\u00e9grant les comp\u00e9tences des agents sur le domaine.<\/p>\n<\/div>\n\n\n\n<div class=\"wp-block-column is-layout-flow wp-block-column-is-layout-flow\">\n<figure class=\"wp-block-image size-full\"><img loading=\"lazy\" decoding=\"async\" width=\"362\" height=\"241\" src=\"http:\/\/experwx.cluster030.hosting.ovh.net\/wp-content\/uploads\/2022\/09\/gp3-5-1.png\" alt=\"\" class=\"wp-image-309\" srcset=\"https:\/\/expertsentransition.fr\/wp-content\/uploads\/2022\/09\/gp3-5-1.png 362w, https:\/\/expertsentransition.fr\/wp-content\/uploads\/2022\/09\/gp3-5-1-300x200.png 300w\" sizes=\"auto, (max-width: 362px) 100vw, 362px\" \/><\/figure>\n\n\n\n<p class=\"has-text-align-center has-text-color has-small-font-size\" style=\"color:#5a71b4\">National dans des projets plus co\u00fbteux et plus complexes tel que r\u00e9nover thermiquement un b\u00e2timent ou le rendre autonome qui n\u00e9cessitent de s\u2019associer \u00e0 d\u2019autre structures et de r\u00e9pondre \u00e0 des programmes d\u2019action proposant des financements (exemple: le projet \u00e0 Grand Quevilly et \u00e0 Trappes Laur\u00e9at du PIA 4 ExcellenceS).<\/p>\n<\/div>\n<\/div>\n\n\n\n<div style=\"height:15px\" aria-hidden=\"true\" class=\"wp-block-spacer\"><\/div>\n\n\n\n<p class=\"has-text-color has-small-font-size\" style=\"color:#5a71b4\">Jouer le r\u00f4le d\u2019exemple en mobilisant son patrimoine comme sites d\u2019exp\u00e9rimentations collaboratifs, et son organisation comme laboratoire au service des autres acteurs du territoire afin de faciliter et d\u2019acc\u00e9l\u00e9rer la mise en \u0153uvre de projets innovants. Trois niveaux d\u2019actions sont possibles.<\/p>\n\n\n\n<figure class=\"wp-block-image alignfull size-large\"><img loading=\"lazy\" decoding=\"async\" width=\"1024\" height=\"374\" src=\"http:\/\/experwx.cluster030.hosting.ovh.net\/wp-content\/uploads\/2022\/09\/gp3-6-1024x374.png\" alt=\"\" class=\"wp-image-312\" srcset=\"https:\/\/expertsentransition.fr\/wp-content\/uploads\/2022\/09\/gp3-6-1024x374.png 1024w, https:\/\/expertsentransition.fr\/wp-content\/uploads\/2022\/09\/gp3-6-300x110.png 300w, https:\/\/expertsentransition.fr\/wp-content\/uploads\/2022\/09\/gp3-6-768x280.png 768w, https:\/\/expertsentransition.fr\/wp-content\/uploads\/2022\/09\/gp3-6-1536x561.png 1536w, https:\/\/expertsentransition.fr\/wp-content\/uploads\/2022\/09\/gp3-6-2048x748.png 2048w, https:\/\/expertsentransition.fr\/wp-content\/uploads\/2022\/09\/gp3-6-1568x572.png 1568w\" sizes=\"auto, (max-width: 1024px) 100vw, 1024px\" \/><\/figure>\n\n\n\n<hr class=\"wp-block-separator has-text-color has-alpha-channel-opacity has-background\" style=\"background-color:#5a71b4;color:#5a71b4\"\/>\n\n\n\n<h3 class=\"has-text-align-center has-text-color wp-block-heading\" style=\"color:#5a71b4\">Mode de fonctionnement<\/h3>\n\n\n\n<div class=\"wp-block-columns is-layout-flex wp-container-core-columns-is-layout-9d6595d7 wp-block-columns-is-layout-flex\">\n<div class=\"wp-block-column is-layout-flow wp-block-column-is-layout-flow\">\n<figure class=\"wp-block-image size-full\"><img loading=\"lazy\" decoding=\"async\" width=\"516\" height=\"259\" src=\"http:\/\/experwx.cluster030.hosting.ovh.net\/wp-content\/uploads\/2022\/09\/gp3-7.png\" alt=\"\" class=\"wp-image-313\" srcset=\"https:\/\/expertsentransition.fr\/wp-content\/uploads\/2022\/09\/gp3-7.png 516w, https:\/\/expertsentransition.fr\/wp-content\/uploads\/2022\/09\/gp3-7-300x151.png 300w\" sizes=\"auto, (max-width: 516px) 100vw, 516px\" \/><\/figure>\n\n\n\n<p class=\"has-text-color has-small-font-size\" style=\"color:#5a71b4\"><strong>Appel \u00e0 id\u00e9es &#8211; semestriel<br><\/strong>Sur le mod\u00e8le des budgets participatifs mis en place par certaines collectivit\u00e9s, un appel \u00e0 id\u00e9es sera lanc\u00e9 deux fois par an en interne au Cerema, pour des projets peu co\u00fbteux (plafond \u00e0 d\u00e9finir).<br>Pendant un mois, chaque agent ou groupement d\u2019agent du Cerema pourra soumettre une id\u00e9e de projet sur notre RSE.<br>La proposition devra respecter un mod\u00e8le pr\u00e9d\u00e9fini et cibler une direction sp\u00e9cifique pour une phase pilote. Les propositions similaires seront fusionn\u00e9es et compl\u00e9t\u00e9es. Ce sera l\u2019occasion pour le Cerema d\u2019appliquer en interne des outils de participation citoyenne.<br>Le mois suivant, chaque agent pourra voter pour son projet favori.<br>Apr\u00e8s une validation formelle en Codir, les X projets retenus (nombre \u00e0 d\u00e9finir) seront ensuite accompagn\u00e9s par les services supports concern\u00e9s et comp\u00e9tences m\u00e9tier sp\u00e9cifiques pour sa mise en \u0153uvre en phase pilote.<br>Enfin le projet pourrait \u00eatre r\u00e9pliqu\u00e9 \u00e0 l\u2019\u00e9chelle de tout l\u2019\u00e9tablissement.<\/p>\n<\/div>\n\n\n\n<div class=\"wp-block-column is-layout-flow wp-block-column-is-layout-flow\">\n<figure class=\"wp-block-image size-full\"><img loading=\"lazy\" decoding=\"async\" width=\"516\" height=\"259\" src=\"http:\/\/experwx.cluster030.hosting.ovh.net\/wp-content\/uploads\/2022\/09\/gp3-8.png\" alt=\"\" class=\"wp-image-314\" srcset=\"https:\/\/expertsentransition.fr\/wp-content\/uploads\/2022\/09\/gp3-8.png 516w, https:\/\/expertsentransition.fr\/wp-content\/uploads\/2022\/09\/gp3-8-300x151.png 300w\" sizes=\"auto, (max-width: 516px) 100vw, 516px\" \/><\/figure>\n\n\n\n<p class=\"has-text-color has-small-font-size\" style=\"color:#5a71b4\"><strong>Appel \u00e0 projets &#8211; continu<br><\/strong>Le Cerema assurera une veille et se mettra en position pour r\u00e9pondre, en s\u2019associant \u00e0 d\u2019autres acteurs, \u00e0 des appels \u00e0 projets d\u2019autres organismes.<br>Cette approche nationale vise des projets plus co\u00fbteux et plus complexes tel que r\u00e9nover thermiquement un b\u00e2timent, employer de nouvelles techniques de gestion des eaux ou le rendre autonome qui n\u00e9cessitent de s\u2019associer \u00e0 d\u2019autre structures et de r\u00e9pondre \u00e0 des programmes d\u2019action proposant des financements (exemple : le projet \u00e0 Grand Quevilly et \u00e0 Trappes Laur\u00e9at du PIA 4 ExcellenceS).<\/p>\n\n\n\n<figure class=\"wp-block-image size-full\"><img loading=\"lazy\" decoding=\"async\" width=\"516\" height=\"259\" src=\"http:\/\/experwx.cluster030.hosting.ovh.net\/wp-content\/uploads\/2022\/09\/gp3-9.png\" alt=\"\" class=\"wp-image-315\" srcset=\"https:\/\/expertsentransition.fr\/wp-content\/uploads\/2022\/09\/gp3-9.png 516w, https:\/\/expertsentransition.fr\/wp-content\/uploads\/2022\/09\/gp3-9-300x151.png 300w\" sizes=\"auto, (max-width: 516px) 100vw, 516px\" \/><\/figure>\n\n\n\n<p class=\"has-text-color has-small-font-size\" style=\"color:#5a71b4\"><strong>Renouvellement des march\u00e9s d&rsquo;entretien ou de fonctionnement avec un regard syst\u00e9mique<br><\/strong>D\u00e9marche volontariste de valoriser les pratiques vertueuses dans les prestations au b\u00e9n\u00e9fice du Cerema, en s\u2019appuyant sur les comp\u00e9tences des agents sur le domaine : pratiques de l&rsquo;\u00e9co-p\u00e2turage, peinture biosourc\u00e9e. Cette d\u00e9marche conduira potentiellement \u00e0 un prix sup\u00e9rieur mais coh\u00e9rent avec les enjeux climatiques et le r\u00f4le du Cerema.<\/p>\n<\/div>\n<\/div>\n\n\n\n<div style=\"height:15px\" aria-hidden=\"true\" class=\"wp-block-spacer\"><\/div>\n\n\n\n<div class=\"wp-block-columns alignfull has-background is-layout-flex wp-container-core-columns-is-layout-9d6595d7 wp-block-columns-is-layout-flex\" style=\"background-color:#fbdcd5\">\n<div class=\"wp-block-column is-layout-flow wp-block-column-is-layout-flow\">\n<div style=\"height:15px\" aria-hidden=\"true\" class=\"wp-block-spacer\"><\/div>\n\n\n\n<div class=\"wp-block-columns is-layout-flex wp-container-core-columns-is-layout-9d6595d7 wp-block-columns-is-layout-flex\">\n<div class=\"wp-block-column is-layout-flow wp-block-column-is-layout-flow\">\n<p class=\"has-text-align-center has-small-font-size\">Vous voulez en savoir davantage<br>sur la d\u00e9marche ? Vous avez des id\u00e9es de collaborations ?<\/p>\n\n\n\n<div class=\"wp-block-buttons is-content-justification-center is-layout-flex wp-container-core-buttons-is-layout-16018d1d wp-block-buttons-is-layout-flex\">\n<div class=\"wp-block-button has-custom-font-size has-small-font-size\"><a class=\"wp-block-button__link has-white-color has-text-color has-background\" style=\"background-color:#5a71b4\">Contactez l\u2019\u00e9quipe de l\u2019hypoth\u00e8se<\/a><\/div>\n<\/div>\n<\/div>\n\n\n\n<div class=\"wp-block-column is-layout-flow wp-block-column-is-layout-flow\">\n<p class=\"has-text-align-center has-small-font-size\">Ces hypoth\u00e8ses ont \u00e9t\u00e9 confront\u00e9es<br>\u00e0 des territoires durant des temps d\u2019enqu\u00eate et d\u2019immersion.<\/p>\n\n\n\n<div class=\"wp-block-buttons is-content-justification-center is-layout-flex wp-container-core-buttons-is-layout-16018d1d wp-block-buttons-is-layout-flex\">\n<div class=\"wp-block-button has-custom-font-size has-small-font-size\"><a class=\"wp-block-button__link has-white-color has-text-color has-background\" href=\"https:\/\/expertsentransition.fr\/index.php\/les-territoires\/coutances-mer-et-bocages\/\" style=\"background-color:#5a71b4\">D\u00e9couvrir le territoire de l\u2019hypoth\u00e8se<\/a><\/div>\n<\/div>\n<\/div>\n<\/div>\n<\/div>\n<\/div>\n","protected":false},"excerpt":{"rendered":"<p>Hypoth\u00e8se 1. Le Cerema est reconnu comme un acteur de l\u2019ing\u00e9nierie technique\u2026 mais l&rsquo;est-il en tant qu\u2019acteur local ?+ Notori\u00e9t\u00e9 aupr\u00e8s de l\u2019Etat mais d\u00e9ficit aupr\u00e8s de certaines collectivit\u00e9s, du grand public et de la soci\u00e9t\u00e9 civile+ pluralit\u00e9 des domaines et modes d\u2019intervention du Cerema = richesse mais complexit\u00e9 de la lisibilit\u00e9 de notre action+&hellip; <a class=\"more-link\" href=\"https:\/\/expertsentransition.fr\/index.php\/explorations\/groupe-3\/\">Poursuivre la lecture <span class=\"screen-reader-text\">Groupe 3<\/span><\/a><\/p>\n","protected":false},"author":1,"featured_media":0,"parent":13,"menu_order":3,"comment_status":"closed","ping_status":"closed","template":"","meta":{"footnotes":""},"class_list":["post-71","page","type-page","status-publish","hentry","entry"],"_links":{"self":[{"href":"https:\/\/expertsentransition.fr\/index.php\/wp-json\/wp\/v2\/pages\/71","targetHints":{"allow":["GET"]}}],"collection":[{"href":"https:\/\/expertsentransition.fr\/index.php\/wp-json\/wp\/v2\/pages"}],"about":[{"href":"https:\/\/expertsentransition.fr\/index.php\/wp-json\/wp\/v2\/types\/page"}],"author":[{"embeddable":true,"href":"https:\/\/expertsentransition.fr\/index.php\/wp-json\/wp\/v2\/users\/1"}],"replies":[{"embeddable":true,"href":"https:\/\/expertsentransition.fr\/index.php\/wp-json\/wp\/v2\/comments?post=71"}],"version-history":[{"count":11,"href":"https:\/\/expertsentransition.fr\/index.php\/wp-json\/wp\/v2\/pages\/71\/revisions"}],"predecessor-version":[{"id":410,"href":"https:\/\/expertsentransition.fr\/index.php\/wp-json\/wp\/v2\/pages\/71\/revisions\/410"}],"up":[{"embeddable":true,"href":"https:\/\/expertsentransition.fr\/index.php\/wp-json\/wp\/v2\/pages\/13"}],"wp:attachment":[{"href":"https:\/\/expertsentransition.fr\/index.php\/wp-json\/wp\/v2\/media?parent=71"}],"curies":[{"name":"wp","href":"https:\/\/api.w.org\/{rel}","templated":true}]}}