{"id":75,"date":"2022-07-16T16:14:18","date_gmt":"2022-07-16T14:14:18","guid":{"rendered":"http:\/\/experwx.cluster030.hosting.ovh.net\/?page_id=75"},"modified":"2022-10-03T17:58:36","modified_gmt":"2022-10-03T15:58:36","slug":"groupe-5","status":"publish","type":"page","link":"https:\/\/expertsentransition.fr\/index.php\/explorations\/groupe-5\/","title":{"rendered":"Groupe 5"},"content":{"rendered":"\n<h2 class=\"has-text-align-center has-text-color wp-block-heading\" style=\"color:#f17559\">Hypoth\u00e8se<\/h2>\n\n\n\n<h4 class=\"has-text-color wp-block-heading\" style=\"color:#5a71b4\">Sujet prospectif<\/h4>\n\n\n\n<p class=\"has-text-color has-small-font-size\" style=\"color:#5a71b4\">En tant que groupe, nous nous interrogeons sur l\u2019\u00e9cart parfois<strong> existant entre la r\u00e9alit\u00e9 d\u2019une collectivit\u00e9 et la r\u00e9ponse que pourrait apporter le Cerema<\/strong> en faveur de la TE et la r\u00e9silience en particulier au moment de l\u2019\u00e9mergence du projet.<br>La posture de <strong>m\u00e9diateur<\/strong> du Cerema et d\u2019<strong>aide \u00e0 la d\u00e9finition du besoin<\/strong> semble la plus l\u00e9gitime et \u00e0 haute valeur ajout\u00e9e pour r\u00e9pondre aux attentes (implicites et explicites) d\u2019un territoire.<br>Pour le CEREMA il s\u2019agit de :<\/p>\n\n\n\n<div class=\"wp-block-columns alignwide is-style-default has-text-color is-layout-flex wp-container-core-columns-is-layout-9d6595d7 wp-block-columns-is-layout-flex\" style=\"color:#5a71b4\">\n<div class=\"wp-block-column is-layout-flow wp-block-column-is-layout-flow\">\n<p class=\"has-text-align-center has-small-font-size\">contribuer par le partage le plus coll\u00e9gial et diversifi\u00e9 du besoin \u00e0 apporter une r\u00e9ponse partag\u00e9e au territoire<\/p>\n<\/div>\n\n\n\n<div class=\"wp-block-column is-layout-flow wp-block-column-is-layout-flow\">\n<p class=\"has-text-align-center has-small-font-size\"><strong>favoriser le d\u00e9cloisonnement de logiques en silo par l\u2019enrichissement mutuel et un vocabulaire commun<\/strong><\/p>\n<\/div>\n\n\n\n<div class=\"wp-block-column is-layout-flow wp-block-column-is-layout-flow\">\n<p class=\"has-text-align-center has-small-font-size\">compl\u00e9ter les postures \u201cd\u2019experts\u201d techniques par des postures de facilitateurs-m\u00e9diateurs<\/p>\n<\/div>\n<\/div>\n\n\n\n<div style=\"height:15px\" aria-hidden=\"true\" class=\"wp-block-spacer\"><\/div>\n\n\n\n<p class=\"has-text-color has-small-font-size\" style=\"color:#5a71b4\">L\u2019\u00e9tape de la d\u00e9finition \/ re-questionnement du besoin, est un point n\u00e9vralgique de la construction d\u2019un projet, d\u2019une politique publique et d\u2019association des acteurs.<br>Elle permet de calibrer au mieux la commande et la proposition d&rsquo;ing\u00e9nierie.<\/p>\n\n\n\n<div class=\"wp-block-columns is-layout-flex wp-container-core-columns-is-layout-9d6595d7 wp-block-columns-is-layout-flex\">\n<div class=\"wp-block-column is-layout-flow wp-block-column-is-layout-flow\">\n<p class=\"has-text-align-center has-text-color has-small-font-size\" style=\"color:#5a71b4\"><strong>Ce qui existe d\u00e9j\u00e0 au CEREMA<\/strong><br>+ Cerema accompagnateur des territoires dans l\u2019\u00e9mergence de projets (CRTE, PVD, autre\u2026)<br>+ Cerema animateur d\u2019ateliers d\u2019intelligence collective<\/p>\n<\/div>\n\n\n\n<div class=\"wp-block-column is-layout-flow wp-block-column-is-layout-flow\">\n<p class=\"has-text-color has-small-font-size\" style=\"color:#5a71b4\"><strong>\u00c0 d\u00e9velopper<br><\/strong>+ syst\u00e9matiser une m\u00e9thode et une posture de red\u00e9finition du besoin dans le cadre d\u2019une prise de commande<br>+ une culture \u201cg\u00e9n\u00e9raliste\u201d capable d\u2019\u00e9couter, recueillir et probl\u00e9matiser des points de vue. <br>+ enrichir la posture d\u2019\u00e9coute client avec celle d\u2019intelligence collective<\/p>\n<\/div>\n<\/div>\n\n\n\n<div style=\"height:45px\" aria-hidden=\"true\" class=\"wp-block-spacer\"><\/div>\n\n\n\n<h2 class=\"has-text-align-center has-text-color wp-block-heading\" style=\"color:#f17559\">Enseignements du territoire<\/h2>\n\n\n\n<div style=\"height:15px\" aria-hidden=\"true\" class=\"wp-block-spacer\"><\/div>\n\n\n\n<div class=\"wp-block-columns alignwide is-layout-flex wp-container-core-columns-is-layout-9d6595d7 wp-block-columns-is-layout-flex\">\n<div class=\"wp-block-column is-layout-flow wp-block-column-is-layout-flow\">\n<p class=\"has-text-align-right\">Ce groupe a explor\u00e9 le territoire de la <br>Communaut\u00e9 Urbaine de Dunkerque. <\/p>\n<\/div>\n\n\n\n<div class=\"wp-block-column is-layout-flow wp-block-column-is-layout-flow\">\n<div class=\"wp-block-buttons is-layout-flex wp-block-buttons-is-layout-flex\">\n<div class=\"wp-block-button\"><a class=\"wp-block-button__link has-background\" href=\"https:\/\/expertsentransition.fr\/index.php\/les-territoires\/communaute-urbaine-de-dunkerque\/\" style=\"background-color:#5a71b4\">D\u00e9couvrir le territoire de l\u2019hypoth\u00e8se<\/a><\/div>\n<\/div>\n<\/div>\n<\/div>\n\n\n\n<p class=\"has-text-color has-small-font-size\" style=\"color:#5a71b4\">La <strong>transition \u00e9cologique peut se mat\u00e9rialiser par une approche par actions<\/strong> plut\u00f4t que guid\u00e9e par une strat\u00e9gie clairement formalis\u00e9e, telle que l\u2019on peut traditionnellement la concevoir et l\u2019accompagner. Pour autant les collectivit\u00e9s partagent la n\u00e9cessit\u00e9 de <strong>mieux appr\u00e9hender les besoins locaux<\/strong>.<br>La transition \u00e9cologique se d\u00e9cline selon des <strong>logiques multi-\u00e9chelles qui d\u00e9passent les seuls territoires<\/strong> intercommunaux (envergure nationale\/internationale) qu\u2019il faut mettre en lumi\u00e8re.<br>Les diff\u00e9rents acteurs font face \u00e0 des<strong> injonctions contradictoires<\/strong> (ZAN, Urbanisme favorable \u00e0 la sant\u00e9 et pratiques professionnelles) qui les questionnent sur la fa\u00e7on d\u2019aller dans le bon sens dans la TE et le <strong>besoin de disposer d\u2019une m\u00e9diation-expertise-\u00e9clairage<\/strong> du Cerema.<br>Une mise en \u0153uvre assum\u00e9e de <strong>l&rsquo;\u00e9cologie non punitive<\/strong> dans une \u201clogique \u00e9co-gagnant\u201d qui montre l\u2019attention \u00e0 apporter \u00e0 des questions de justice sociale, \u00e0 la n\u00e9cessit\u00e9 de trouver des r\u00e9ponses de court terme pour accompagner des changements de pratiques.<br>Un <strong>droit \u00e0 l\u2019erreur reconnu pour inciter \u00e0 l\u2019exp\u00e9rimentation<\/strong>, quitte \u00e0 revoir les projets, les abandonner.<br>Un <strong>d\u00e9fi li\u00e9 \u00e0 la sensibilisation de l\u2019ensemble de la population<\/strong> d\u2019un territoire, d\u2019embarquer tout le monde.<br>Une question de <strong>continuit\u00e9 des politiques publiques<\/strong> dans un contexte en mouvement.<br>Une <strong>difficult\u00e9 \u00e0 mobiliser des moyens<\/strong> (convaincre de la n\u00e9cessit\u00e9 d\u2019en avoir ) sur les <strong>fonctions supports au service de la TE <\/strong>(SIG, achat, accueil).<\/p>\n\n\n\n<div style=\"height:45px\" aria-hidden=\"true\" class=\"wp-block-spacer\"><\/div>\n\n\n\n<h2 class=\"has-text-align-center has-text-color wp-block-heading\" style=\"color:#f17559\">Sc\u00e9nario<\/h2>\n\n\n\n<hr class=\"wp-block-separator has-text-color has-alpha-channel-opacity has-background\" style=\"background-color:#f17559;color:#f17559\"\/>\n\n\n\n<h3 class=\"has-text-align-center has-text-color wp-block-heading\" style=\"color:#f17559\">M\u00e9thode de construction de coop\u00e9rations en faveur de la transition \u00e9cologique<\/h3>\n\n\n\n<p class=\"has-text-color has-small-font-size\" style=\"color:#5a71b4\">Martin commence sa journ\u00e9e de travail et a un rendez-vous avec la collectivit\u00e9 x qui le sollicite pour une expertise pr\u00e9alable \u00e0 la r\u00e9novation de son \u00e9clairage public dans un contexte d\u2019\u00e9conomies budg\u00e9taires.<br>Il a connaissance de l\u2019arbre des transitions qui peut lui donner un cadre de r\u00e9f\u00e9rence pour ce premier rendez-vous et l\u2019aider \u00e0 mettre en perspective le sujet avec la collectivit\u00e9. L\u2019id\u00e9e premi\u00e8re est de \u201cprendre le territoire l\u00e0 o\u00f9 il en est\u201d et de mieux cerner son besoin d\u2019accompagnement.<br>L\u2019arbre des transitions permet \u00e0 chacun, quelque soit le sujet ou le domaine, d\u2019offrir une base d\u2019\u00e9changes simples lui permettant de se situer par rapport \u00e0 un \u00e9tat de transition du territoire et des phases de d\u00e9veloppement du projet de transition \u00e9cologique, notamment :<\/p>\n\n\n\n<div class=\"wp-block-columns alignwide is-layout-flex wp-container-core-columns-is-layout-9d6595d7 wp-block-columns-is-layout-flex\">\n<div class=\"wp-block-column is-layout-flow wp-block-column-is-layout-flow\">\n<p class=\"has-text-align-center has-text-color has-small-font-size\" style=\"color:#5a71b4\">de partager et donner \u00e0 voir <strong>les fondements du territoire, ses racines<\/strong>, ses parties prenantes, en mobilisant des m\u00e9thodes de travail collaboratives d\u00e8s cette phase amont.<\/p>\n\n\n\n<p class=\"has-text-align-center has-text-color\" style=\"color:#f17559\"><em>Comment les acteurs parlent-ils de leur territoire, r\u00e9v\u00e8lent-ils des \u00e9v\u00e9nements ou \u00e9l\u00e9ments f\u00e9d\u00e9rateurs ?<\/em><\/p>\n<\/div>\n\n\n\n<div class=\"wp-block-column is-layout-flow wp-block-column-is-layout-flow\">\n<p class=\"has-text-align-center has-text-color has-small-font-size\" style=\"color:#5a71b4\">de partager et de donner \u00e0 voir <strong>les valeurs communes<\/strong>, d\u2019enrichir le projet en le repla\u00e7ant dans une vision plus syst\u00e9mique, de renouveler l\u2019\u00e9cosyst\u00e8me d\u2019acteurs.<\/p>\n\n\n\n<p class=\"has-text-align-center has-text-color\" style=\"color:#f17559\"><em>Comment se dessine l\u2019imbrication des \u00e9chelles et des acteurs ? Quelles sont les parties prenantes \u00e0 embarquer demain ? Quelles th\u00e9matiques ces acteurs vont-ils nourrir et quelles sont celles qui manquent ?<\/em><\/p>\n<\/div>\n\n\n\n<div class=\"wp-block-column is-layout-flow wp-block-column-is-layout-flow\">\n<p class=\"has-text-align-center has-text-color has-small-font-size\" style=\"color:#5a71b4\">de partager et de donner \u00e0 voir <strong>les initiatives et les projets<\/strong> pour les mettre en coh\u00e9rence, r\u00e9v\u00e9ler les synergies potentielles, mettre en r\u00e9seau certains acteurs et \u00e9valuer leurs impacts.<\/p>\n\n\n\n<p class=\"has-text-align-center has-text-color\" style=\"color:#f17559\"><em>Comment les projets se relient-ils entre eux ? Gr\u00e2ce \u00e0 quoi ou \u00e0 qui ?<\/em><\/p>\n<\/div>\n<\/div>\n\n\n\n<p class=\"has-text-color has-small-font-size\" style=\"color:#5a71b4\">Cette revue du territoire partag\u00e9e permet de mieux conna\u00eetre l\u2019\u00e9tat de maturit\u00e9 du projet dans une vision d\u2019ensemble, les manques ou les sujets \u00e0 creuser. L\u2019arbre s\u2019adapte \u00e0 l\u2019\u00e9tat d\u2019avancement du projet de la collectivit\u00e9 et d\u00e9passe la logique de silos.<br>Martin adopte ici une <strong>posture nouvelle de m\u00e9diation et de facilitation<\/strong>.<\/p>\n\n\n\n<div style=\"height:15px\" aria-hidden=\"true\" class=\"wp-block-spacer\"><\/div>\n\n\n\n<hr class=\"wp-block-separator has-text-color has-alpha-channel-opacity has-background\" style=\"background-color:#5a71b4;color:#5a71b4\"\/>\n\n\n\n<h3 class=\"has-text-align-center has-text-color wp-block-heading\" style=\"color:#5a71b4\">Mode de fonctionnement<\/h3>\n\n\n\n<figure class=\"wp-block-image alignfull size-large\"><img loading=\"lazy\" decoding=\"async\" width=\"1024\" height=\"682\" src=\"http:\/\/experwx.cluster030.hosting.ovh.net\/wp-content\/uploads\/2022\/09\/gp5-arbre-1-1024x682.png\" alt=\"\" class=\"wp-image-254\" srcset=\"https:\/\/expertsentransition.fr\/wp-content\/uploads\/2022\/09\/gp5-arbre-1-1024x682.png 1024w, https:\/\/expertsentransition.fr\/wp-content\/uploads\/2022\/09\/gp5-arbre-1-300x200.png 300w, https:\/\/expertsentransition.fr\/wp-content\/uploads\/2022\/09\/gp5-arbre-1-768x511.png 768w, https:\/\/expertsentransition.fr\/wp-content\/uploads\/2022\/09\/gp5-arbre-1-1536x1023.png 1536w, https:\/\/expertsentransition.fr\/wp-content\/uploads\/2022\/09\/gp5-arbre-1-2048x1364.png 2048w, https:\/\/expertsentransition.fr\/wp-content\/uploads\/2022\/09\/gp5-arbre-1-1568x1044.png 1568w\" sizes=\"auto, (max-width: 1024px) 100vw, 1024px\" \/><\/figure>\n\n\n\n<h4 class=\"has-text-color wp-block-heading\" style=\"color:#5a71b4\">Mode de fonctionnement \u00e0 l\u2019ann\u00e9e pressentie<\/h4>\n\n\n\n<p class=\"has-text-color has-small-font-size\" style=\"color:#5a71b4\">La nouvelle m\u00e9thode d\u2019accompagnement du territoire est test\u00e9e depuis 6 mois et permet de sortir de nos processus traditionnels de travail (diagnostic, strat\u00e9gie, plan d\u2019action). L\u2019arbre des transitions renouvelle notre fa\u00e7on d\u2019accompagner les d\u00e9marches de transition de mani\u00e8re plus \u00e9cosyst\u00e9mique, souple, it\u00e9rative, favorable \u00e0 la cr\u00e9ation de liens. L&rsquo;outil permet ainsi de <strong>mieux comprendre et cerner les besoins des territoires et de faciliter les coop\u00e9rations<\/strong> entre acteurs territoriaux au service du projet de transition \u00e9cologique.<br>Cette nouvelle m\u00e9thode se traduit par une <strong>posture d\u2019\u00e9coute, d\u2019humilit\u00e9 et n\u00e9cessit\u00e9 une app\u00e9tence pour les techniques d\u2019intelligence collective et de design thinking.<\/strong><br>Dans leur rapport aux territoires les agents pr\u00e9sentent des <strong>approches plus int\u00e9gr\u00e9es<\/strong> mobilisant des comp\u00e9tences et r\u00e9f\u00e9rences dans diff\u00e9rents domaines. <strong>Le territoire, de son c\u00f4t\u00e9, conna\u00eet mieux le Cerema<\/strong> et ses possibilit\u00e9s d\u2019accompagnement, tant en termes contractuels que de comp\u00e9tences mobilisables, \u00e9tablissement qu\u2019il connaissait peu ou sur des angles techniques particuliers.<br><br>L\u2019utilisation de <strong>l\u2019arbre des transitions et des coop\u00e9rations<\/strong> permet de travailler sur chaque parcours de transition <strong>quel que soit leur \u00e9tat d\u2019avancement, leur niveau de sensibilisation et d\u2019ambitions.<\/strong><br>Il offre un cadre de questionnement, souple et adaptable (support pour atelier, guide d\u2019entretien ou simple moyen mn\u00e9motechnique\u2026) afin de d\u00e9terminer des m\u00e9thodologies, outils, postures ad\u00e9quats d\u2019accompagnement et de coop\u00e9ration selon le projet : le projet rel\u00e8ve-t-il plus d\u2019une action (\u201cbranches\u201d), d\u2019une ambition (\u201ctronc\u201d), d\u2019un \u00e9tat des lieux (\u201cracines\u201d)\u2026 ? L\u2019\u00e9change nourrit potentiellement tout ou partie de l\u2019arbre.<br>Disponible sur la <strong>plateforme <\/strong><a href=\"https:\/\/www.expertises-territoires.fr\/\">expertises territoires<\/a>, l\u2019arbre participe \u00e0 la <strong>valorisation des projets, leurs mises en r\u00e9seau avec d\u2019autres initiatives d\u00e9ploy\u00e9es en Dtec et Dter<\/strong>. Il est d\u00e9sormais mobilis\u00e9 sur de nouveaux territoires et dans de nouvelles communaut\u00e9s.<br><strong>Instrument d\u2019expertise int\u00e9gr\u00e9e<\/strong>, la grille de questionnements symbolis\u00e9e par l\u2019arbre favorise <strong>une vision des projets<\/strong>, m\u00eame les plus techniques, <strong>dans un contexte et des enjeux plus globaux d\u2019am\u00e9nagement et de r\u00e9silience du territoire.<\/strong><\/p>\n\n\n\n<div class=\"wp-block-columns alignfull has-background is-layout-flex wp-container-core-columns-is-layout-9d6595d7 wp-block-columns-is-layout-flex\" style=\"background-color:#fbdcd5\">\n<div class=\"wp-block-column is-layout-flow wp-block-column-is-layout-flow\">\n<div style=\"height:15px\" aria-hidden=\"true\" class=\"wp-block-spacer\"><\/div>\n\n\n\n<div class=\"wp-block-columns is-layout-flex wp-container-core-columns-is-layout-9d6595d7 wp-block-columns-is-layout-flex\">\n<div class=\"wp-block-column is-layout-flow wp-block-column-is-layout-flow\">\n<p class=\"has-text-align-center has-small-font-size\">Vous voulez en savoir davantage<br>sur la d\u00e9marche ? Vous avez des id\u00e9es de collaborations ?<\/p>\n\n\n\n<div class=\"wp-block-buttons is-content-justification-center is-layout-flex wp-container-core-buttons-is-layout-16018d1d wp-block-buttons-is-layout-flex\">\n<div class=\"wp-block-button has-custom-font-size has-small-font-size\"><a class=\"wp-block-button__link has-white-color has-text-color has-background\" style=\"background-color:#5a71b4\">Contactez l\u2019\u00e9quipe de l\u2019hypoth\u00e8se<\/a><\/div>\n<\/div>\n\n\n\n<div style=\"height:15px\" aria-hidden=\"true\" class=\"wp-block-spacer\"><\/div>\n<\/div>\n\n\n\n<div class=\"wp-block-column is-layout-flow wp-block-column-is-layout-flow\">\n<p class=\"has-text-align-center has-small-font-size\">Ces hypoth\u00e8ses ont \u00e9t\u00e9 confront\u00e9es \u00e0 des territoires durant des temps d\u2019enqu\u00eate et d\u2019immersion.<\/p>\n\n\n\n<div class=\"wp-block-buttons is-content-justification-center is-layout-flex wp-container-core-buttons-is-layout-16018d1d wp-block-buttons-is-layout-flex\">\n<div class=\"wp-block-button has-custom-font-size has-small-font-size\"><a class=\"wp-block-button__link has-white-color has-text-color has-background\" href=\"https:\/\/expertsentransition.fr\/index.php\/les-territoires\/communaute-urbaine-de-dunkerque\/\" style=\"background-color:#5a71b4\">D\u00e9couvrir le territoire de l\u2019hypoth\u00e8se<\/a><\/div>\n<\/div>\n\n\n\n<div style=\"height:15px\" aria-hidden=\"true\" class=\"wp-block-spacer\"><\/div>\n<\/div>\n<\/div>\n<\/div>\n<\/div>\n","protected":false},"excerpt":{"rendered":"<p>Hypoth\u00e8se Sujet prospectif En tant que groupe, nous nous interrogeons sur l\u2019\u00e9cart parfois existant entre la r\u00e9alit\u00e9 d\u2019une collectivit\u00e9 et la r\u00e9ponse que pourrait apporter le Cerema en faveur de la TE et la r\u00e9silience en particulier au moment de l\u2019\u00e9mergence du projet.La posture de m\u00e9diateur du Cerema et d\u2019aide \u00e0 la d\u00e9finition du besoin&hellip; <a class=\"more-link\" href=\"https:\/\/expertsentransition.fr\/index.php\/explorations\/groupe-5\/\">Poursuivre la lecture <span class=\"screen-reader-text\">Groupe 5<\/span><\/a><\/p>\n","protected":false},"author":1,"featured_media":0,"parent":13,"menu_order":5,"comment_status":"closed","ping_status":"closed","template":"","meta":{"footnotes":""},"class_list":["post-75","page","type-page","status-publish","hentry","entry"],"_links":{"self":[{"href":"https:\/\/expertsentransition.fr\/index.php\/wp-json\/wp\/v2\/pages\/75","targetHints":{"allow":["GET"]}}],"collection":[{"href":"https:\/\/expertsentransition.fr\/index.php\/wp-json\/wp\/v2\/pages"}],"about":[{"href":"https:\/\/expertsentransition.fr\/index.php\/wp-json\/wp\/v2\/types\/page"}],"author":[{"embeddable":true,"href":"https:\/\/expertsentransition.fr\/index.php\/wp-json\/wp\/v2\/users\/1"}],"replies":[{"embeddable":true,"href":"https:\/\/expertsentransition.fr\/index.php\/wp-json\/wp\/v2\/comments?post=75"}],"version-history":[{"count":15,"href":"https:\/\/expertsentransition.fr\/index.php\/wp-json\/wp\/v2\/pages\/75\/revisions"}],"predecessor-version":[{"id":416,"href":"https:\/\/expertsentransition.fr\/index.php\/wp-json\/wp\/v2\/pages\/75\/revisions\/416"}],"up":[{"embeddable":true,"href":"https:\/\/expertsentransition.fr\/index.php\/wp-json\/wp\/v2\/pages\/13"}],"wp:attachment":[{"href":"https:\/\/expertsentransition.fr\/index.php\/wp-json\/wp\/v2\/media?parent=75"}],"curies":[{"name":"wp","href":"https:\/\/api.w.org\/{rel}","templated":true}]}}