{"id":86,"date":"2022-07-16T16:22:50","date_gmt":"2022-07-16T14:22:50","guid":{"rendered":"http:\/\/experwx.cluster030.hosting.ovh.net\/?page_id=86"},"modified":"2022-09-21T13:21:29","modified_gmt":"2022-09-21T11:21:29","slug":"gard-rhodanien","status":"publish","type":"page","link":"https:\/\/expertsentransition.fr\/index.php\/les-territoires\/gard-rhodanien\/","title":{"rendered":"Gard Rhodanien"},"content":{"rendered":"\n<figure class=\"wp-block-image alignwide size-large\"><img loading=\"lazy\" decoding=\"async\" width=\"1024\" height=\"629\" src=\"http:\/\/experwx.cluster030.hosting.ovh.net\/wp-content\/uploads\/2022\/09\/gard-main-1024x629.png\" alt=\"\" class=\"wp-image-342\" srcset=\"https:\/\/expertsentransition.fr\/wp-content\/uploads\/2022\/09\/gard-main-1024x629.png 1024w, https:\/\/expertsentransition.fr\/wp-content\/uploads\/2022\/09\/gard-main-300x184.png 300w, https:\/\/expertsentransition.fr\/wp-content\/uploads\/2022\/09\/gard-main-768x472.png 768w, https:\/\/expertsentransition.fr\/wp-content\/uploads\/2022\/09\/gard-main-1536x944.png 1536w, https:\/\/expertsentransition.fr\/wp-content\/uploads\/2022\/09\/gard-main-2048x1258.png 2048w, https:\/\/expertsentransition.fr\/wp-content\/uploads\/2022\/09\/gard-main-1568x963.png 1568w\" sizes=\"auto, (max-width: 1024px) 100vw, 1024px\" \/><\/figure>\n\n\n\n<h2 class=\"has-text-align-center has-text-color wp-block-heading\" style=\"color:#f17559\">Caract\u00e9ristiques du territoire<\/h2>\n\n\n\n<figure class=\"wp-block-image alignfull size-large\"><img loading=\"lazy\" decoding=\"async\" width=\"1024\" height=\"1003\" src=\"http:\/\/experwx.cluster030.hosting.ovh.net\/wp-content\/uploads\/2022\/09\/gard-sociodemo-1024x1003.png\" alt=\"\" class=\"wp-image-344\" srcset=\"https:\/\/expertsentransition.fr\/wp-content\/uploads\/2022\/09\/gard-sociodemo-1024x1003.png 1024w, https:\/\/expertsentransition.fr\/wp-content\/uploads\/2022\/09\/gard-sociodemo-300x294.png 300w, https:\/\/expertsentransition.fr\/wp-content\/uploads\/2022\/09\/gard-sociodemo-768x752.png 768w, https:\/\/expertsentransition.fr\/wp-content\/uploads\/2022\/09\/gard-sociodemo-1536x1505.png 1536w, https:\/\/expertsentransition.fr\/wp-content\/uploads\/2022\/09\/gard-sociodemo-2048x2006.png 2048w, https:\/\/expertsentransition.fr\/wp-content\/uploads\/2022\/09\/gard-sociodemo-1568x1536.png 1568w\" sizes=\"auto, (max-width: 1024px) 100vw, 1024px\" \/><\/figure>\n\n\n\n<div style=\"height:45px\" aria-hidden=\"true\" class=\"wp-block-spacer\"><\/div>\n\n\n\n<h2 class=\"has-text-align-center has-text-color wp-block-heading\" style=\"color:#f17559\">Chronologie du d\u00e9veloppement <br>de la d\u00e9marche<\/h2>\n\n\n\n<figure class=\"wp-block-image alignfull size-large\"><img loading=\"lazy\" decoding=\"async\" width=\"1024\" height=\"586\" src=\"http:\/\/experwx.cluster030.hosting.ovh.net\/wp-content\/uploads\/2022\/09\/gard-chronologie-1024x586.png\" alt=\"\" class=\"wp-image-345\" srcset=\"https:\/\/expertsentransition.fr\/wp-content\/uploads\/2022\/09\/gard-chronologie-1024x586.png 1024w, https:\/\/expertsentransition.fr\/wp-content\/uploads\/2022\/09\/gard-chronologie-300x172.png 300w, https:\/\/expertsentransition.fr\/wp-content\/uploads\/2022\/09\/gard-chronologie-768x440.png 768w, https:\/\/expertsentransition.fr\/wp-content\/uploads\/2022\/09\/gard-chronologie-1536x880.png 1536w, https:\/\/expertsentransition.fr\/wp-content\/uploads\/2022\/09\/gard-chronologie-2048x1173.png 2048w, https:\/\/expertsentransition.fr\/wp-content\/uploads\/2022\/09\/gard-chronologie-1568x898.png 1568w\" sizes=\"auto, (max-width: 1024px) 100vw, 1024px\" \/><\/figure>\n\n\n\n<div style=\"height:45px\" aria-hidden=\"true\" class=\"wp-block-spacer\"><\/div>\n\n\n\n<h2 class=\"has-text-align-center has-text-color wp-block-heading\" style=\"color:#f17559\">Cartographie<\/h2>\n\n\n\n<div class=\"wp-block-columns alignfull is-layout-flex wp-container-core-columns-is-layout-9d6595d7 wp-block-columns-is-layout-flex\">\n<div class=\"wp-block-column is-layout-flow wp-block-column-is-layout-flow\">\n<figure class=\"wp-block-image size-large is-resized\"><img loading=\"lazy\" decoding=\"async\" src=\"http:\/\/experwx.cluster030.hosting.ovh.net\/wp-content\/uploads\/2022\/09\/gard-map-867x1024.png\" alt=\"\" class=\"wp-image-346\" width=\"643\" height=\"759\" srcset=\"https:\/\/expertsentransition.fr\/wp-content\/uploads\/2022\/09\/gard-map-867x1024.png 867w, https:\/\/expertsentransition.fr\/wp-content\/uploads\/2022\/09\/gard-map-254x300.png 254w, https:\/\/expertsentransition.fr\/wp-content\/uploads\/2022\/09\/gard-map-768x907.png 768w, https:\/\/expertsentransition.fr\/wp-content\/uploads\/2022\/09\/gard-map.png 1128w\" sizes=\"auto, (max-width: 643px) 100vw, 643px\" \/><\/figure>\n<\/div>\n\n\n\n<div class=\"wp-block-column is-layout-flow wp-block-column-is-layout-flow\">\n<div class=\"wp-block-buttons is-layout-flex wp-block-buttons-is-layout-flex\">\n<div class=\"wp-block-button\"><a class=\"wp-block-button__link has-background\" href=\"https:\/\/cleantech-vallee.fr\/\" style=\"background-color:#f17559\" target=\"_blank\" rel=\"noreferrer noopener\">1 &#8211; Cleantech Vall\u00e9e<\/a><\/div>\n<\/div>\n\n\n\n<p class=\"has-text-color has-small-font-size\" style=\"color:#f17559\">Association cr\u00e9\u00e9e lors de la fermeture de la centrale thermique d\u2019Aramon \u00e0 partir d\u2019une d\u00e9marche de co-construction entre des acteurs priv\u00e9s et publics. Son \u00e9cosyst\u00e8me s\u2019efforce de donner le \u201cla\u201d en mati\u00e8re d\u2019innovation verte.<\/p>\n\n\n\n<div class=\"wp-block-buttons is-layout-flex wp-block-buttons-is-layout-flex\">\n<div class=\"wp-block-button\"><a class=\"wp-block-button__link has-background\" href=\"https:\/\/renouvelables.totalenergies.fr\/fr\/nos-projets\/en-developpement\/projet-de-centrale-solaire-de-tavel\" style=\"background-color:#f17559\" target=\"_blank\" rel=\"noreferrer noopener\">2 &#8211; Centrale Photovolta\u00efque<\/a><\/div>\n<\/div>\n\n\n\n<p class=\"has-text-color has-small-font-size\" style=\"color:#f17559\">Initi\u00e9 en 2021 par la commune de Tavel, le projet trouve ses origines dans la volont\u00e9 communale de valoriser ses terrains en contribuant \u00e0 la transition \u00e9nerg\u00e9tique du territoire.<\/p>\n\n\n\n<div class=\"wp-block-buttons is-layout-flex wp-block-buttons-is-layout-flex\">\n<div class=\"wp-block-button\"><a class=\"wp-block-button__link has-background\" href=\"https:\/\/www.objectifgard.com\/2021\/11\/17\/pont-saint-esprit-avant-larrivee-du-train-a-lete-2022-le-pole-dechange-multimodal-se-prepare\/\" style=\"background-color:#f17559\" target=\"_blank\" rel=\"noreferrer noopener\">3 &#8211; PEM de Pont-Saint-Esprit<\/a><\/div>\n<\/div>\n\n\n\n<p class=\"has-text-color has-small-font-size\" style=\"color:#f17559\">La ligne TER reliera Pont-Saint-Esprit \u00e0 Avignon en passant par Bagnols en 35 minutes. Elle permettra aussi de rejoindre N\u00eemes<\/p>\n\n\n\n<div class=\"wp-block-buttons is-layout-flex wp-block-buttons-is-layout-flex\">\n<div class=\"wp-block-button\"><a class=\"wp-block-button__link has-background\" href=\"https:\/\/www.gardrhodanien.fr\/wp-content\/uploads\/2022\/02\/De%CC%81lib-39.2022-doc.pdf\" style=\"background-color:#f17559\" target=\"_blank\" rel=\"noreferrer noopener\">4 &#8211; PEM de Bagnols-sur-C\u00e8ze<\/a><\/div>\n<\/div>\n\n\n\n<p class=\"has-text-color has-small-font-size\" style=\"color:#f17559\">Les projets de PEM de Bagnols-sur-C\u00e8ze et de Pont-SaintEsprit sont r\u00e9alis\u00e9s dans le cadre de la r\u00e9ouverture aux voyageurs de la rive droite du Rh\u00f4ne<\/p>\n\n\n\n<div class=\"wp-block-buttons is-layout-flex wp-block-buttons-is-layout-flex\">\n<div class=\"wp-block-button\"><a class=\"wp-block-button__link has-background\" href=\"https:\/\/copat84.com\/nous-copat-coval\/coval\/\" style=\"background-color:#f17559\" target=\"_blank\" rel=\"noreferrer noopener\">5 &#8211; Carri\u00e8re de recyclage<\/a><\/div>\n<\/div>\n\n\n\n<p class=\"has-text-color has-small-font-size\" style=\"color:#f17559\">COPAT cr\u00e9\u00e9 en 2015 sa filiale COVAL, sp\u00e9cialis\u00e9e dans le traitement et la valorisation des d\u00e9chets inertes issus du BTP. Remplacer les mat\u00e9riaux naturels par des produits issus du recyclage<\/p>\n\n\n\n<div class=\"wp-block-buttons is-layout-flex wp-block-buttons-is-layout-flex\">\n<div class=\"wp-block-button\"><a class=\"wp-block-button__link has-background\" href=\"https:\/\/abceze.fr\/\" style=\"background-color:#f17559\" target=\"_blank\" rel=\"noreferrer noopener\">6 &#8211; Syndicat mixte AB C\u00e8ze<\/a><\/div>\n<\/div>\n\n\n\n<p class=\"has-text-color has-small-font-size\" style=\"color:#f17559\">Gestion de la ressource en eau \u00e0 l\u2019\u00e9chelle des bassins versants: am\u00e9liorer la qualit\u00e9 de l\u2019eau et des milieux, partager et \u00e9conomiser l\u2019eau, pr\u00e9venir et prot\u00e9ger contre les inondations<\/p>\n<\/div>\n<\/div>\n\n\n\n<div style=\"height:45px\" aria-hidden=\"true\" class=\"wp-block-spacer\"><\/div>\n\n\n\n<figure class=\"wp-block-image alignwide size-large\"><img loading=\"lazy\" decoding=\"async\" width=\"1024\" height=\"307\" src=\"http:\/\/experwx.cluster030.hosting.ovh.net\/wp-content\/uploads\/2022\/09\/gard-end-1024x307.png\" alt=\"\" class=\"wp-image-349\" srcset=\"https:\/\/expertsentransition.fr\/wp-content\/uploads\/2022\/09\/gard-end-1024x307.png 1024w, https:\/\/expertsentransition.fr\/wp-content\/uploads\/2022\/09\/gard-end-300x90.png 300w, https:\/\/expertsentransition.fr\/wp-content\/uploads\/2022\/09\/gard-end-768x230.png 768w, https:\/\/expertsentransition.fr\/wp-content\/uploads\/2022\/09\/gard-end-1536x460.png 1536w, https:\/\/expertsentransition.fr\/wp-content\/uploads\/2022\/09\/gard-end-2048x614.png 2048w, https:\/\/expertsentransition.fr\/wp-content\/uploads\/2022\/09\/gard-end-1568x470.png 1568w\" sizes=\"auto, (max-width: 1024px) 100vw, 1024px\" \/><\/figure>\n\n\n\n<div class=\"wp-block-columns alignfull has-background is-layout-flex wp-container-core-columns-is-layout-9d6595d7 wp-block-columns-is-layout-flex\" style=\"background-color:#fbdcd5\">\n<div class=\"wp-block-column is-layout-flow wp-block-column-is-layout-flow\">\n<div style=\"height:15px\" aria-hidden=\"true\" class=\"wp-block-spacer\"><\/div>\n\n\n\n<div class=\"wp-block-columns is-layout-flex wp-container-core-columns-is-layout-9d6595d7 wp-block-columns-is-layout-flex\">\n<div class=\"wp-block-column is-layout-flow wp-block-column-is-layout-flow\">\n<p class=\"has-text-align-center has-small-font-size\">D\u00e9couvrir l\u2019hypoth\u00e8se li\u00e9e \u00e0 ce territoire<\/p>\n\n\n\n<div class=\"wp-block-buttons is-content-justification-center is-layout-flex wp-container-core-buttons-is-layout-16018d1d wp-block-buttons-is-layout-flex\">\n<div class=\"wp-block-button has-custom-font-size has-small-font-size\"><a class=\"wp-block-button__link has-white-color has-text-color has-background\" href=\"https:\/\/expertsentransition.fr\/index.php\/explorations\/groupe-2\/\" style=\"background-color:#5a71b4\">D\u00e9couvrir l\u2019hypoth\u00e8se<\/a><\/div>\n<\/div>\n<\/div>\n\n\n\n<div class=\"wp-block-column is-layout-flow wp-block-column-is-layout-flow\">\n<p class=\"has-text-align-center has-small-font-size\">Vous souhaitez en savoir plus ?<\/p>\n\n\n\n<div class=\"wp-block-buttons is-content-justification-center is-layout-flex wp-container-core-buttons-is-layout-16018d1d wp-block-buttons-is-layout-flex\">\n<div class=\"wp-block-button has-custom-font-size has-small-font-size\"><a class=\"wp-block-button__link has-white-color has-text-color has-background\" href=\"https:\/\/www.gardrhodanien.fr\/nous-contacter\" style=\"background-color:#5a71b4\" target=\"_blank\" rel=\"noreferrer noopener\">Contacter le territoire<\/a><\/div>\n<\/div>\n<\/div>\n<\/div>\n\n\n\n<div style=\"height:15px\" aria-hidden=\"true\" class=\"wp-block-spacer\"><\/div>\n<\/div>\n<\/div>\n","protected":false},"excerpt":{"rendered":"<p>Caract\u00e9ristiques du territoire Chronologie du d\u00e9veloppement de la d\u00e9marche Cartographie Association cr\u00e9\u00e9e lors de la fermeture de la centrale thermique d\u2019Aramon \u00e0 partir d\u2019une d\u00e9marche de co-construction entre des acteurs priv\u00e9s et publics. Son \u00e9cosyst\u00e8me s\u2019efforce de donner le \u201cla\u201d en mati\u00e8re d\u2019innovation verte. Initi\u00e9 en 2021 par la commune de Tavel, le projet trouve&hellip; <a class=\"more-link\" href=\"https:\/\/expertsentransition.fr\/index.php\/les-territoires\/gard-rhodanien\/\">Poursuivre la lecture <span class=\"screen-reader-text\">Gard Rhodanien<\/span><\/a><\/p>\n","protected":false},"author":1,"featured_media":0,"parent":94,"menu_order":3,"comment_status":"closed","ping_status":"closed","template":"","meta":{"footnotes":""},"class_list":["post-86","page","type-page","status-publish","hentry","entry"],"_links":{"self":[{"href":"https:\/\/expertsentransition.fr\/index.php\/wp-json\/wp\/v2\/pages\/86","targetHints":{"allow":["GET"]}}],"collection":[{"href":"https:\/\/expertsentransition.fr\/index.php\/wp-json\/wp\/v2\/pages"}],"about":[{"href":"https:\/\/expertsentransition.fr\/index.php\/wp-json\/wp\/v2\/types\/page"}],"author":[{"embeddable":true,"href":"https:\/\/expertsentransition.fr\/index.php\/wp-json\/wp\/v2\/users\/1"}],"replies":[{"embeddable":true,"href":"https:\/\/expertsentransition.fr\/index.php\/wp-json\/wp\/v2\/comments?post=86"}],"version-history":[{"count":9,"href":"https:\/\/expertsentransition.fr\/index.php\/wp-json\/wp\/v2\/pages\/86\/revisions"}],"predecessor-version":[{"id":389,"href":"https:\/\/expertsentransition.fr\/index.php\/wp-json\/wp\/v2\/pages\/86\/revisions\/389"}],"up":[{"embeddable":true,"href":"https:\/\/expertsentransition.fr\/index.php\/wp-json\/wp\/v2\/pages\/94"}],"wp:attachment":[{"href":"https:\/\/expertsentransition.fr\/index.php\/wp-json\/wp\/v2\/media?parent=86"}],"curies":[{"name":"wp","href":"https:\/\/api.w.org\/{rel}","templated":true}]}}